{"id":4360,"date":"2021-08-16T19:17:58","date_gmt":"2021-08-16T19:17:58","guid":{"rendered":"https:\/\/thereddog.ca\/wp49\/?page_id=4360"},"modified":"2021-08-27T21:52:40","modified_gmt":"2021-08-27T21:52:40","slug":"bcld-wines","status":"publish","type":"page","link":"https:\/\/thereddog.ca\/wp49\/bcld-wines\/","title":{"rendered":"BCLD Wines"},"content":{"rendered":"<p>[et_pb_section fb_built=&#8221;1&#8243; _builder_version=&#8221;4.9.7&#8243; _module_preset=&#8221;default&#8221; background_image=&#8221;http:\/\/thereddog.ca\/wp49\/wp-content\/uploads\/2021\/07\/Pierre-Vieillescazes-Oenologist.jpg&#8221; background_position=&#8221;bottom_center&#8221; width=&#8221;100%&#8221; min_height=&#8221;40vh&#8221; bottom_divider_height=&#8221;32px&#8221; bottom_divider_flip=&#8221;vertical&#8221;][et_pb_row _builder_version=&#8221;4.9.7&#8243; _module_preset=&#8221;default&#8221; positioning=&#8221;absolute&#8221; position_origin_a=&#8221;bottom_center&#8221;][et_pb_column type=&#8221;4_4&#8243; _builder_version=&#8221;4.9.7&#8243; _module_preset=&#8221;default&#8221;][et_pb_text _builder_version=&#8221;4.9.7&#8243; _module_preset=&#8221;default&#8221; header_text_color=&#8221;#FFFFFF&#8221;]<\/p>\n<h1 style=\"text-align: left;\">Shop our Wines<\/h1>\n<p>[\/et_pb_text][\/et_pb_column][\/et_pb_row][\/et_pb_section][et_pb_section fb_built=&#8221;1&#8243; next_background_color=&#8221;#ffffff&#8221; _builder_version=&#8221;4.9.7&#8243; _module_preset=&#8221;default&#8221; background_color=&#8221;#E8E8E8&#8243; bottom_divider_style=&#8221;triangle&#8221; bottom_divider_height=&#8221;42px&#8221; bottom_divider_flip=&#8221;vertical&#8221;][et_pb_row column_structure=&#8221;3_4,1_4&#8243; _builder_version=&#8221;4.9.7&#8243; _module_preset=&#8221;default&#8221;][et_pb_column type=&#8221;3_4&#8243; _builder_version=&#8221;4.9.7&#8243; _module_preset=&#8221;default&#8221;][et_pb_text _builder_version=&#8221;4.9.7&#8243; _module_preset=&#8221;default&#8221; width=&#8221;100%&#8221; width_tablet=&#8221;&#8221; width_phone=&#8221;100%&#8221; width_last_edited=&#8221;on|phone&#8221; module_alignment=&#8221;left&#8221;]<\/p>\n<h1 style=\"text-align: left;\"><span style=\"font-weight: 400;\">BCLD Wines: Listed<\/span><\/h1>\n<p style=\"text-align: left;\"><span style=\"font-weight: 400;\">Red Dog Wine &amp; Spirits is constantly sourcing new wines to present to the BCLDB for their Call to Tenders. The wines that are selected become LISTED with the BC Liquor stores as on-going, BCL Select (Exclusive to BCL retail stores) or one-time buys. If a product demonstrates consistent, strong sales, it might be considered to become on-going. You may purchase these wines at your local BC Liquor Store. Not all wines are carried at all locations, but you can always request that they bring it in or arrange to Buy the Case Direct.\u00a0 <\/span><\/p>\n<p>[\/et_pb_text][\/et_pb_column][et_pb_column type=&#8221;1_4&#8243; _builder_version=&#8221;4.9.7&#8243; _module_preset=&#8221;default&#8221;][et_pb_image src=&#8221;http:\/\/thereddog.ca\/wp49\/wp-content\/uploads\/2021\/08\/BCL-Black.png&#8221; title_text=&#8221;BCL Black&#8221; _builder_version=&#8221;4.9.7&#8243; _module_preset=&#8221;default&#8221; width=&#8221;150px&#8221;][\/et_pb_image][\/et_pb_column][\/et_pb_row][\/et_pb_section][et_pb_section fb_built=&#8221;1&#8243; _builder_version=&#8221;4.9.7&#8243; _module_preset=&#8221;default&#8221;][et_pb_row column_structure=&#8221;1_4,3_4&#8243; use_custom_gutter=&#8221;on&#8221; gutter_width=&#8221;1&#8243; _builder_version=&#8221;4.9.7&#8243; _module_preset=&#8221;default&#8221;][et_pb_column type=&#8221;1_4&#8243; _builder_version=&#8221;4.9.7&#8243; _module_preset=&#8221;default&#8221; sticky_position=&#8221;top&#8221; sticky_limit_bottom=&#8221;row&#8221; sticky_position_tablet=&#8221;&#8221; sticky_position_phone=&#8221;none&#8221; sticky_position_last_edited=&#8221;on|phone&#8221;][et_pb_text _builder_version=&#8221;4.9.7&#8243; _module_preset=&#8221;default&#8221; position_origin_f=&#8221;center_left&#8221; custom_padding=&#8221;|0px||0px|false|false&#8221; sticky_position_tablet=&#8221;&#8221; sticky_position_phone=&#8221;none&#8221; sticky_position_last_edited=&#8221;on|phone&#8221;]<\/p>\n<form data-sf-form-id='4362' data-is-rtl='0' data-maintain-state='' data-results-url='\/wp49\/shop' data-ajax-url='https:\/\/thereddog.ca\/wp49\/?sfid=4362&amp;sf_action=get_data&amp;sf_data=all' data-ajax-form-url='https:\/\/thereddog.ca\/wp49\/?sfid=4362&amp;sf_action=get_data&amp;sf_data=form' data-display-result-method='shortcode' data-use-history-api='1' data-template-loaded='0' data-lang-code='en' data-ajax='1' data-ajax-data-type='json' data-ajax-links-selector='.pagination a' data-ajax-target='#search-filter-results-4362' data-ajax-pagination-type='infinite_scroll' data-show-scroll-loader='1' data-infinite-scroll-trigger='-100' data-update-ajax-url='1' data-scroll-to-pos='results' data-scroll-on-action='all' data-init-paged='1' data-auto-update='1' data-auto-count='1' data-auto-count-refresh-mode='1' action='\/wp49\/shop' method='post' class='searchandfilter' id='search-filter-form-4362' autocomplete='off' data-instance-count='1'><ul><li class=\"sf-field-search\" data-sf-field-name=\"search\" data-sf-field-type=\"search\" data-sf-field-input-type=\"\">\t\t<label><input placeholder=\"Search \u2026\" name=\"_sf_search[]\" class=\"sf-input-text\" type=\"text\" value=\"\" title=\"\"><\/label>\t\t<\/li><li class=\"sf-field-taxonomy-wine_type\" data-sf-field-name=\"_sft_wine_type\" data-sf-field-type=\"taxonomy\" data-sf-field-input-type=\"select\">\t\t<label>\r\n\t\t\t\t<select name=\"_sft_wine_type[]\" class=\"sf-input-select\" title=\"\">\r\n\t\t\t\r\n\t\t\t\t\t\t<option class=\"sf-level-0 sf-item-0 sf-option-active\" selected=\"selected\" data-sf-count=\"0\" data-sf-depth=\"0\" value=\"\">Type<\/option>\r\n\t\t\t\t\t\t<option class=\"sf-level-0 sf-item-116\" data-sf-count=\"2\" data-sf-depth=\"0\" value=\"organic-vegan-spirits\">Organic\/Vegan Spirits<\/option>\r\n\t\t\t\t\t\t<option class=\"sf-level-0 sf-item-105\" data-sf-count=\"2\" data-sf-depth=\"0\" value=\"red-wine\">Red Wine<\/option>\r\n\t\t\t\t\t\t<option class=\"sf-level-0 sf-item-115\" data-sf-count=\"2\" data-sf-depth=\"0\" value=\"rose-wines\">Rose Wines<\/option>\r\n\t\t\t\t\t\t<option class=\"sf-level-0 sf-item-107\" data-sf-count=\"0\" data-sf-depth=\"0\" value=\"sparkling-champagne\">Sparkling\/Champagne<\/option>\r\n\t\t\t\t\t\t<option class=\"sf-level-0 sf-item-104\" data-sf-count=\"2\" data-sf-depth=\"0\" value=\"white-wine\">White Wine<\/option>\r\n\t\t\t\t\t<\/select>\r\n\t\t<\/label>\t\t<\/li><li class=\"sf-field-taxonomy-country\" data-sf-field-name=\"_sft_country\" data-sf-field-type=\"taxonomy\" data-sf-field-input-type=\"select\">\t\t<label>\r\n\t\t\t\t<select name=\"_sft_country[]\" class=\"sf-input-select\" title=\"\">\r\n\t\t\t\r\n\t\t\t\t\t\t<option class=\"sf-level-0 sf-item-0 sf-option-active\" selected=\"selected\" data-sf-count=\"0\" data-sf-depth=\"0\" value=\"\">Country<\/option>\r\n\t\t\t\t\t\t<option class=\"sf-level-0 sf-item-119\" data-sf-count=\"0\" data-sf-depth=\"0\" value=\"argentina\">Argentina<\/option>\r\n\t\t\t\t\t\t<option class=\"sf-level-0 sf-item-118\" data-sf-count=\"0\" data-sf-depth=\"0\" value=\"australia\">Australia<\/option>\r\n\t\t\t\t\t\t<option class=\"sf-level-0 sf-item-120\" data-sf-count=\"0\" data-sf-depth=\"0\" value=\"austria\">Austria<\/option>\r\n\t\t\t\t\t\t<option class=\"sf-level-0 sf-item-121\" data-sf-count=\"1\" data-sf-depth=\"0\" value=\"bulgaria\">Bulgaria<\/option>\r\n\t\t\t\t\t\t<option class=\"sf-level-0 sf-item-117\" data-sf-count=\"0\" data-sf-depth=\"0\" value=\"canada\">Canada<\/option>\r\n\t\t\t\t\t\t<option class=\"sf-level-0 sf-item-122\" data-sf-count=\"0\" data-sf-depth=\"0\" value=\"chile\">Chile<\/option>\r\n\t\t\t\t\t\t<option class=\"sf-level-0 sf-item-123\" data-sf-count=\"0\" data-sf-depth=\"0\" value=\"croatia\">Croatia<\/option>\r\n\t\t\t\t\t\t<option class=\"sf-level-0 sf-item-101\" data-sf-count=\"5\" data-sf-depth=\"0\" value=\"france\">France<\/option>\r\n\t\t\t\t\t\t<option class=\"sf-level-0 sf-item-124\" data-sf-count=\"0\" data-sf-depth=\"0\" value=\"germany\">Germany<\/option>\r\n\t\t\t\t\t\t<option class=\"sf-level-0 sf-item-125\" data-sf-count=\"0\" data-sf-depth=\"0\" value=\"greece\">Greece<\/option>\r\n\t\t\t\t\t\t<option class=\"sf-level-0 sf-item-102\" data-sf-count=\"0\" data-sf-depth=\"0\" value=\"italy\">Italy<\/option>\r\n\t\t\t\t\t\t<option class=\"sf-level-0 sf-item-126\" data-sf-count=\"0\" data-sf-depth=\"0\" value=\"new-zealand\">New Zealand<\/option>\r\n\t\t\t\t\t\t<option class=\"sf-level-0 sf-item-103\" data-sf-count=\"0\" data-sf-depth=\"0\" value=\"portugal\">Portugal<\/option>\r\n\t\t\t\t\t\t<option class=\"sf-level-0 sf-item-127\" data-sf-count=\"0\" data-sf-depth=\"0\" value=\"south-africa\">South Africa<\/option>\r\n\t\t\t\t\t\t<option class=\"sf-level-0 sf-item-112\" data-sf-count=\"0\" data-sf-depth=\"0\" value=\"spain\">Spain<\/option>\r\n\t\t\t\t\t\t<option class=\"sf-level-0 sf-item-113\" data-sf-count=\"0\" data-sf-depth=\"0\" value=\"usa\">USA<\/option>\r\n\t\t\t\t\t<\/select>\r\n\t\t<\/label>\t\t<\/li><li class=\"sf-field-taxonomy-how_to_buy\" data-sf-field-name=\"_sft_how_to_buy\" data-sf-field-type=\"taxonomy\" data-sf-field-input-type=\"select\">\t\t<label>\r\n\t\t\t\t<select name=\"_sft_how_to_buy[]\" class=\"sf-input-select\" title=\"\">\r\n\t\t\t\r\n\t\t\t\t\t\t<option class=\"sf-level-0 sf-item-0 sf-option-active\" selected=\"selected\" data-sf-count=\"0\" data-sf-depth=\"0\" value=\"\">How\/Where to Buy<\/option>\r\n\t\t\t\t\t\t<option class=\"sf-level-0 sf-item-111\" data-sf-count=\"6\" data-sf-depth=\"0\" value=\"bc-liquor-stores\">BC Liquor Stores<\/option>\r\n\t\t\t\t\t\t<option class=\"sf-level-0 sf-item-110\" data-sf-count=\"6\" data-sf-depth=\"0\" value=\"spec-consumers-order-buy-the-case-direct\">SPEC Consumers: Order Buy the Case Direct<\/option>\r\n\t\t\t\t\t\t<option class=\"sf-level-0 sf-item-109\" data-sf-count=\"3\" data-sf-depth=\"0\" value=\"trade-wholesale\">Trade: Wholesale<\/option>\r\n\t\t\t\t\t<\/select>\r\n\t\t<\/label>\t\t<\/li><li class=\"sf-field-reset\" data-sf-field-name=\"reset\" data-sf-field-type=\"reset\" data-sf-field-input-type=\"link\"><a href=\"#\" class=\"search-filter-reset\" data-search-form-id=\"4362\" data-sf-submit-form=\"always\">Clear<\/a><\/li><\/ul><\/form>\n<p>[\/et_pb_text][et_pb_text _builder_version=&#8221;4.9.7&#8243; _module_preset=&#8221;default&#8221; width=&#8221;75%&#8221; custom_padding=&#8221;30px|||16px|false|false&#8221; border_width_top=&#8221;4px&#8221; border_style_top=&#8221;double&#8221;]<\/p>\n<h3>Partner Categories<\/h3>\n<p>[\/et_pb_text][et_pb_button button_url=&#8221;@ET-DC@eyJkeW5hbWljIjp0cnVlLCJjb250ZW50IjoicG9zdF9saW5rX3VybF9wYWdlIiwic2V0dGluZ3MiOnsicG9zdF9pZCI6IjQ0NTkifX0=@&#8221; button_text=&#8221;Trade&#8221; _builder_version=&#8221;4.9.7&#8243; _dynamic_attributes=&#8221;button_url&#8221; _module_preset=&#8221;default&#8221; custom_button=&#8221;on&#8221; button_text_color=&#8221;#930001&#8243; custom_margin=&#8221;30px|||16px|false|false&#8221; hover_enabled=&#8221;0&#8243; global_module=&#8221;4374&#8243; saved_tabs=&#8221;all&#8221; button_text_color__hover_enabled=&#8221;on|hover&#8221; button_text_color__hover=&#8221;#FFFFFF&#8221; sticky_enabled=&#8221;0&#8243;][\/et_pb_button][et_pb_button button_url=&#8221;@ET-DC@eyJkeW5hbWljIjp0cnVlLCJjb250ZW50IjoicG9zdF9saW5rX3VybF9wYWdlIiwic2V0dGluZ3MiOnsicG9zdF9pZCI6IjQzODYifX0=@&#8221; button_text=&#8221;Direct To Consumer&#8221; _builder_version=&#8221;4.9.7&#8243; _dynamic_attributes=&#8221;button_url&#8221; _module_preset=&#8221;default&#8221; custom_button=&#8221;on&#8221; button_text_color=&#8221;#434343&#8243; custom_margin=&#8221;20px|||16px|false|false&#8221; button_text_color__hover_enabled=&#8221;on|hover&#8221; button_text_color__hover=&#8221;#FFFFFF&#8221;][\/et_pb_button][\/et_pb_column][et_pb_column type=&#8221;3_4&#8243; _builder_version=&#8221;4.9.7&#8243; _module_preset=&#8221;default&#8221;][et_pb_text _builder_version=&#8221;4.9.7&#8243; _module_preset=&#8221;default&#8221;]<\/p>\n<div class=\"search-filter-results\" id=\"search-filter-results-4362\">\t\n\t<br \/>\n\t\n\t<div class=\"pagination\">\n\t\t\n\t\t<div class=\"nav-previous\"><\/div>\n\t\t<div class=\"nav-next\"><\/div>\n\t\t\t<\/div>\n\t\n\t\t\t<div class=\"search-filter-result-item\">\n\t\t\n\t\t\t\n\t\t\t\n\t\t\t<a href=\"https:\/\/thereddog.ca\/wp49\/project\/domaine-st-ferreol-provence-rose-2020-has-arrived\/\"><p><img width=\"1096\" height=\"1096\" src=\"https:\/\/thereddog.ca\/wp49\/wp-content\/uploads\/2021\/07\/Domaine-St.-Fe\u0301rre\u0301ol-Provence-Rose\u0301-2020-\u2013-has-arrived.jpg\" class=\"attachment-small size-small wp-post-image\" alt=\"\" loading=\"lazy\" srcset=\"https:\/\/thereddog.ca\/wp49\/wp-content\/uploads\/2021\/07\/Domaine-St.-Fe\u0301rre\u0301ol-Provence-Rose\u0301-2020-\u2013-has-arrived.jpg 1096w, https:\/\/thereddog.ca\/wp49\/wp-content\/uploads\/2021\/07\/Domaine-St.-Fe\u0301rre\u0301ol-Provence-Rose\u0301-2020-\u2013-has-arrived-300x300.jpg 300w, https:\/\/thereddog.ca\/wp49\/wp-content\/uploads\/2021\/07\/Domaine-St.-Fe\u0301rre\u0301ol-Provence-Rose\u0301-2020-\u2013-has-arrived-1024x1024.jpg 1024w, https:\/\/thereddog.ca\/wp49\/wp-content\/uploads\/2021\/07\/Domaine-St.-Fe\u0301rre\u0301ol-Provence-Rose\u0301-2020-\u2013-has-arrived-150x150.jpg 150w, https:\/\/thereddog.ca\/wp49\/wp-content\/uploads\/2021\/07\/Domaine-St.-Fe\u0301rre\u0301ol-Provence-Rose\u0301-2020-\u2013-has-arrived-768x768.jpg 768w, https:\/\/thereddog.ca\/wp49\/wp-content\/uploads\/2021\/07\/Domaine-St.-Fe\u0301rre\u0301ol-Provence-Rose\u0301-2020-\u2013-has-arrived-1080x1080.jpg 1080w, https:\/\/thereddog.ca\/wp49\/wp-content\/uploads\/2021\/07\/Domaine-St.-Fe\u0301rre\u0301ol-Provence-Rose\u0301-2020-\u2013-has-arrived-980x980.jpg 980w, https:\/\/thereddog.ca\/wp49\/wp-content\/uploads\/2021\/07\/Domaine-St.-Fe\u0301rre\u0301ol-Provence-Rose\u0301-2020-\u2013-has-arrived-480x480.jpg 480w\" sizes=\"(max-width: 1096px) 100vw, 1096px\" \/><\/p><\/a>\n\t\t\n\t\t\t<p><\/p>\n\t\t\t\t<h2><a href=\"https:\/\/thereddog.ca\/wp49\/project\/domaine-st-ferreol-provence-rose-2020-has-arrived\/\">Domaine St. F\u00e9rr\u00e9ol Provence Ros\u00e9 2020 \u2013 has arrived<\/a><\/h2>\n\t\t\t\t<p class=\"excerpt-shop\"><a href=\"https:\/\/thereddog.ca\/wp49\/project\/domaine-st-ferreol-provence-rose-2020-has-arrived\/\"><p><b>Exclusive to BC Liquor Stores $22.99<\/b><\/p>\n<p>SKU: 880096<\/p>\n<p>This is definitely our Provence #Roseallday. Lots of strawberry &#038; raspberry fruit and a kiss of orange zest citrus mark this friendly, approachable rose\u0301. Pours a fetching bright pastel pink and has good depth with a fresh snap. Presented in a lovely, elegant satin finish bottle.<\/p>\n<\/a><\/p>\n\t\t\n\t\t\n\t\t\t\n\t\t<\/div>\n\t\t\n\t\n\t\t\t\t<div class=\"search-filter-result-item\">\n\t\t\n\t\t\t\n\t\t\t\n\t\t\t<a href=\"https:\/\/thereddog.ca\/wp49\/project\/domaine-de-la-chaise-touraine-chenonceaux-blanc-2019\/\"><p><img width=\"1096\" height=\"1096\" src=\"https:\/\/thereddog.ca\/wp49\/wp-content\/uploads\/2021\/08\/15350website.png\" class=\"attachment-small size-small wp-post-image\" alt=\"\" loading=\"lazy\" srcset=\"https:\/\/thereddog.ca\/wp49\/wp-content\/uploads\/2021\/08\/15350website.png 1096w, https:\/\/thereddog.ca\/wp49\/wp-content\/uploads\/2021\/08\/15350website-980x980.png 980w, https:\/\/thereddog.ca\/wp49\/wp-content\/uploads\/2021\/08\/15350website-480x480.png 480w\" sizes=\"(min-width: 0px) and (max-width: 480px) 480px, (min-width: 481px) and (max-width: 980px) 980px, (min-width: 981px) 1096px, 100vw\" \/><\/p><\/a>\n\t\t\n\t\t\t<p><\/p>\n\t\t\t\t<h2><a href=\"https:\/\/thereddog.ca\/wp49\/project\/domaine-de-la-chaise-touraine-chenonceaux-blanc-2019\/\">Domaine de la Chaise Touraine Chenonceaux Blanc 2019<\/a><\/h2>\n\t\t\t\t<p class=\"excerpt-shop\"><a href=\"https:\/\/thereddog.ca\/wp49\/project\/domaine-de-la-chaise-touraine-chenonceaux-blanc-2019\/\"><p><b> Exclusive to BC Liquor Stores $26.99 <\/b><\/p>\n<p> SKU 15350 <\/p>\n<p> If you are a fan of Sancerre (but don&#8217;t want to pay the premium price) this is for you! <\/p>\n<\/a><\/p>\n\t\t\n\t\t\n\t\t\t\n\t\t<\/div>\n\t\t\n\t\n\t\t\t\t<div class=\"search-filter-result-item\">\n\t\t\n\t\t\t\n\t\t\t\n\t\t\t<a href=\"https:\/\/thereddog.ca\/wp49\/project\/domaine-de-chalet-pouilly-fuisse-2018-new-vintage\/\"><p><img width=\"1096\" height=\"1096\" src=\"https:\/\/thereddog.ca\/wp49\/wp-content\/uploads\/2021\/07\/Domaine-de-Chalet-Pouilly-Fuisse\u0301-2018-\u2013-New-Vintage.jpg\" class=\"attachment-small size-small wp-post-image\" alt=\"\" loading=\"lazy\" srcset=\"https:\/\/thereddog.ca\/wp49\/wp-content\/uploads\/2021\/07\/Domaine-de-Chalet-Pouilly-Fuisse\u0301-2018-\u2013-New-Vintage.jpg 1096w, https:\/\/thereddog.ca\/wp49\/wp-content\/uploads\/2021\/07\/Domaine-de-Chalet-Pouilly-Fuisse\u0301-2018-\u2013-New-Vintage-300x300.jpg 300w, https:\/\/thereddog.ca\/wp49\/wp-content\/uploads\/2021\/07\/Domaine-de-Chalet-Pouilly-Fuisse\u0301-2018-\u2013-New-Vintage-1024x1024.jpg 1024w, https:\/\/thereddog.ca\/wp49\/wp-content\/uploads\/2021\/07\/Domaine-de-Chalet-Pouilly-Fuisse\u0301-2018-\u2013-New-Vintage-150x150.jpg 150w, https:\/\/thereddog.ca\/wp49\/wp-content\/uploads\/2021\/07\/Domaine-de-Chalet-Pouilly-Fuisse\u0301-2018-\u2013-New-Vintage-768x768.jpg 768w, https:\/\/thereddog.ca\/wp49\/wp-content\/uploads\/2021\/07\/Domaine-de-Chalet-Pouilly-Fuisse\u0301-2018-\u2013-New-Vintage-1080x1080.jpg 1080w, https:\/\/thereddog.ca\/wp49\/wp-content\/uploads\/2021\/07\/Domaine-de-Chalet-Pouilly-Fuisse\u0301-2018-\u2013-New-Vintage-980x980.jpg 980w, https:\/\/thereddog.ca\/wp49\/wp-content\/uploads\/2021\/07\/Domaine-de-Chalet-Pouilly-Fuisse\u0301-2018-\u2013-New-Vintage-480x480.jpg 480w\" sizes=\"(max-width: 1096px) 100vw, 1096px\" \/><\/p><\/a>\n\t\t\n\t\t\t<p><\/p>\n\t\t\t\t<h2><a href=\"https:\/\/thereddog.ca\/wp49\/project\/domaine-de-chalet-pouilly-fuisse-2018-new-vintage\/\">Domaine de Chalet Pouilly-Fuiss\u00e9 2018 \u2013 New Vintage<\/a><\/h2>\n\t\t\t\t<p class=\"excerpt-shop\"><a href=\"https:\/\/thereddog.ca\/wp49\/project\/domaine-de-chalet-pouilly-fuisse-2018-new-vintage\/\"><p><b>Wholesale $29.24 \/ Retail $37.99<\/b><\/p>\n<p>SKU: 21907<\/p>\n<p>\nDomaine du Chalet Pouilly is a small grower, but small can be beautiful. These succinctly crafted, mineral-driven wines that you just want to elope with. <\/p>\n<\/a><\/p>\n\t\t\n\t\t\n\t\t\t\n\t\t<\/div>\n\t\t\n\t\n\t\t\t\t<div class=\"search-filter-result-item\">\n\t\t\n\t\t\t\n\t\t\t\n\t\t\t<a href=\"https:\/\/thereddog.ca\/wp49\/project\/domaine-du-cause-la-lande-cavagnac-malbec-2016\/\"><p><img width=\"1096\" height=\"1096\" src=\"https:\/\/thereddog.ca\/wp49\/wp-content\/uploads\/2021\/07\/Domaine-du-Cause-La-Lande-Cavagnac-Malbec-2016.jpg\" class=\"attachment-small size-small wp-post-image\" alt=\"\" loading=\"lazy\" srcset=\"https:\/\/thereddog.ca\/wp49\/wp-content\/uploads\/2021\/07\/Domaine-du-Cause-La-Lande-Cavagnac-Malbec-2016.jpg 1096w, https:\/\/thereddog.ca\/wp49\/wp-content\/uploads\/2021\/07\/Domaine-du-Cause-La-Lande-Cavagnac-Malbec-2016-980x980.jpg 980w, https:\/\/thereddog.ca\/wp49\/wp-content\/uploads\/2021\/07\/Domaine-du-Cause-La-Lande-Cavagnac-Malbec-2016-480x480.jpg 480w\" sizes=\"(min-width: 0px) and (max-width: 480px) 480px, (min-width: 481px) and (max-width: 980px) 980px, (min-width: 981px) 1096px, 100vw\" \/><\/p><\/a>\n\t\t\n\t\t\t<p><\/p>\n\t\t\t\t<h2><a href=\"https:\/\/thereddog.ca\/wp49\/project\/domaine-du-cause-la-lande-cavagnac-malbec-2016\/\">Domaine du Cause La Lande Cavagnac Malbec 2016<\/a><\/h2>\n\t\t\t\t<p class=\"excerpt-shop\"><a href=\"https:\/\/thereddog.ca\/wp49\/project\/domaine-du-cause-la-lande-cavagnac-malbec-2016\/\"><p><b>Wholesale $24.73 \/ Retail $31.99<\/b><\/p>\n<p>SKU: 632240<\/p>\n<p>Rich tannins, generous fruit and good acidity combine to give a powerful, wood-aged wine. It is still young with a burst of great fruit that needs to soften.\u00a0\u00a0<\/p>\n<\/a><\/p>\n\t\t\n\t\t\n\t\t\t\n\t\t<\/div>\n\t\t\n\t\n\t\t\t\t<div class=\"search-filter-result-item\">\n\t\t\n\t\t\t\n\t\t\t\n\t\t\t<a href=\"https:\/\/thereddog.ca\/wp49\/project\/bio-organic-mavrud-rubin-red-wine-2016\/\"><p><img width=\"1096\" height=\"1096\" src=\"https:\/\/thereddog.ca\/wp49\/wp-content\/uploads\/2021\/07\/Bio-Mavrud-Rubin-Certified-Organic-Red-Wine.jpg\" class=\"attachment-small size-small wp-post-image\" alt=\"\" loading=\"lazy\" srcset=\"https:\/\/thereddog.ca\/wp49\/wp-content\/uploads\/2021\/07\/Bio-Mavrud-Rubin-Certified-Organic-Red-Wine.jpg 1096w, https:\/\/thereddog.ca\/wp49\/wp-content\/uploads\/2021\/07\/Bio-Mavrud-Rubin-Certified-Organic-Red-Wine-980x980.jpg 980w, https:\/\/thereddog.ca\/wp49\/wp-content\/uploads\/2021\/07\/Bio-Mavrud-Rubin-Certified-Organic-Red-Wine-480x480.jpg 480w\" sizes=\"(min-width: 0px) and (max-width: 480px) 480px, (min-width: 481px) and (max-width: 980px) 980px, (min-width: 981px) 1096px, 100vw\" \/><\/p><\/a>\n\t\t\n\t\t\t<p><\/p>\n\t\t\t\t<h2><a href=\"https:\/\/thereddog.ca\/wp49\/project\/bio-organic-mavrud-rubin-red-wine-2016\/\">Bio Organic Mavrud &#038; Rubin Red Wine 2016<\/a><\/h2>\n\t\t\t\t<p class=\"excerpt-shop\"><a href=\"https:\/\/thereddog.ca\/wp49\/project\/bio-organic-mavrud-rubin-red-wine-2016\/\"><p><b>Wholesale $14.79 \/ Retail $18.99 <\/b><\/p>\n<p> SKU 169436 <\/p>\n<p>  Bounded by the Black Sea and Greece, Bulgaria\u2019s Thracian Valley is considered to be one of the oldest winemaking regions in the world.  A certified organic wine made from indigenous grapes of Mavrud &#038; Rubin. Aromas of cherry and eucalyptus, with flavours of tart cherry, cranberry and pomegranate. 6 months of oak aging. <\/p>\n<\/a><\/p>\n\t\t\n\t\t\n\t\t\t\n\t\t<\/div>\n\t\t\n\t\n\t\t\t\t<div class=\"search-filter-result-item\">\n\t\t\n\t\t\t\n\t\t\t\n\t\t\t<a href=\"https:\/\/thereddog.ca\/wp49\/project\/terrasses-de-fontanieu-bandol-rose-2020\/\"><p><img width=\"1096\" height=\"1096\" src=\"https:\/\/thereddog.ca\/wp49\/wp-content\/uploads\/2021\/07\/bandol-fontanieu-rose.jpg\" class=\"attachment-small size-small wp-post-image\" alt=\"\" loading=\"lazy\" srcset=\"https:\/\/thereddog.ca\/wp49\/wp-content\/uploads\/2021\/07\/bandol-fontanieu-rose.jpg 1096w, https:\/\/thereddog.ca\/wp49\/wp-content\/uploads\/2021\/07\/bandol-fontanieu-rose-980x980.jpg 980w, https:\/\/thereddog.ca\/wp49\/wp-content\/uploads\/2021\/07\/bandol-fontanieu-rose-480x480.jpg 480w\" sizes=\"(min-width: 0px) and (max-width: 480px) 480px, (min-width: 481px) and (max-width: 980px) 980px, (min-width: 981px) 1096px, 100vw\" \/><\/p><\/a>\n\t\t\n\t\t\t<p><\/p>\n\t\t\t\t<h2><a href=\"https:\/\/thereddog.ca\/wp49\/project\/terrasses-de-fontanieu-bandol-rose-2020\/\">Terrasses de Fontanieu Bandol Rose 2020<\/a><\/h2>\n\t\t\t\t<p class=\"excerpt-shop\"><a href=\"https:\/\/thereddog.ca\/wp49\/project\/terrasses-de-fontanieu-bandol-rose-2020\/\"><p><b>Exclusive to BC Liquor Stores $28.99<\/b><\/p>\n<p>SKU: 110169<\/p>\n<p>\nElegant and refined aromas of mango and cherry kirsch come through in the well balanced palate 40% Grenache, 30% Mouvedred, 30% Cinsault<\/p>\n<\/a><\/p>\n\t\t\n\t\t\n\t\t\t\n\t\t<\/div>\n\t\t\n\t\n\t\t\t\n\t\n\t<div class=\"pagination\">\n\t\t\n\t\t<div class=\"nav-previous\"><\/div>\n\t\t<div class=\"nav-next\"><\/div>\n\t\t\t<\/div>\n\t<\/div>\n<p>[\/et_pb_text][\/et_pb_column][\/et_pb_row][\/et_pb_section]<\/p>\n","protected":false},"excerpt":{"rendered":"<p>[et_pb_section fb_built=&#8221;1&#8243; _builder_version=&#8221;4.9.7&#8243; _module_preset=&#8221;default&#8221; background_image=&#8221;http:\/\/thereddog.ca\/wp49\/wp-content\/uploads\/2021\/07\/Pierre-Vieillescazes-Oenologist.jpg&#8221; background_position=&#8221;bottom_center&#8221; width=&#8221;100%&#8221; min_height=&#8221;40vh&#8221; bottom_divider_height=&#8221;32px&#8221; bottom_divider_flip=&#8221;vertical&#8221;][et_pb_row _builder_version=&#8221;4.9.7&#8243; _module_preset=&#8221;default&#8221; positioning=&#8221;absolute&#8221; position_origin_a=&#8221;bottom_center&#8221;][et_pb_column type=&#8221;4_4&#8243; _builder_version=&#8221;4.9.7&#8243; _module_preset=&#8221;default&#8221;][et_pb_text _builder_version=&#8221;4.9.7&#8243; _module_preset=&#8221;default&#8221; header_text_color=&#8221;#FFFFFF&#8221;] Shop our Wines [\/et_pb_text][\/et_pb_column][\/et_pb_row][\/et_pb_section][et_pb_section fb_built=&#8221;1&#8243; next_background_color=&#8221;#ffffff&#8221; _builder_version=&#8221;4.9.7&#8243; _module_preset=&#8221;default&#8221; background_color=&#8221;#E8E8E8&#8243; bottom_divider_style=&#8221;triangle&#8221; bottom_divider_height=&#8221;42px&#8221; bottom_divider_flip=&#8221;vertical&#8221;][et_pb_row column_structure=&#8221;3_4,1_4&#8243; _builder_version=&#8221;4.9.7&#8243; _module_preset=&#8221;default&#8221;][et_pb_column type=&#8221;3_4&#8243; _builder_version=&#8221;4.9.7&#8243; _module_preset=&#8221;default&#8221;][et_pb_text _builder_version=&#8221;4.9.7&#8243; _module_preset=&#8221;default&#8221; width=&#8221;100%&#8221; width_tablet=&#8221;&#8221; width_phone=&#8221;100%&#8221; width_last_edited=&#8221;on|phone&#8221; module_alignment=&#8221;left&#8221;] BCLD Wines: Listed Red Dog Wine &amp; Spirits is constantly [&hellip;]<\/p>\n","protected":false},"author":3,"featured_media":0,"parent":0,"menu_order":0,"comment_status":"closed","ping_status":"closed","template":"","meta":{"_et_pb_use_builder":"on","_et_pb_old_content":"","_et_gb_content_width":"","_links_to":"","_links_to_target":""},"_links":{"self":[{"href":"https:\/\/thereddog.ca\/wp49\/wp-json\/wp\/v2\/pages\/4360"}],"collection":[{"href":"https:\/\/thereddog.ca\/wp49\/wp-json\/wp\/v2\/pages"}],"about":[{"href":"https:\/\/thereddog.ca\/wp49\/wp-json\/wp\/v2\/types\/page"}],"author":[{"embeddable":true,"href":"https:\/\/thereddog.ca\/wp49\/wp-json\/wp\/v2\/users\/3"}],"replies":[{"embeddable":true,"href":"https:\/\/thereddog.ca\/wp49\/wp-json\/wp\/v2\/comments?post=4360"}],"version-history":[{"count":16,"href":"https:\/\/thereddog.ca\/wp49\/wp-json\/wp\/v2\/pages\/4360\/revisions"}],"predecessor-version":[{"id":4940,"href":"https:\/\/thereddog.ca\/wp49\/wp-json\/wp\/v2\/pages\/4360\/revisions\/4940"}],"wp:attachment":[{"href":"https:\/\/thereddog.ca\/wp49\/wp-json\/wp\/v2\/media?parent=4360"}],"curies":[{"name":"wp","href":"https:\/\/api.w.org\/{rel}","templated":true}]}}